{"id":66,"date":"2020-03-13T16:06:46","date_gmt":"2020-03-13T16:06:46","guid":{"rendered":"https:\/\/glohum.ffzg.unizg.hr\/?page_id=66"},"modified":"2021-11-05T00:52:32","modified_gmt":"2021-11-05T00:52:32","slug":"dissemination","status":"publish","type":"page","link":"https:\/\/glohum.ffzg.unizg.hr\/index.php\/dissemination\/","title":{"rendered":"Dissemination"},"content":{"rendered":"\n<p class=\"has-text-align-center\">One of the key activities of the Project GLOHUM is the dissemination of the knowledge, both among the scholars and the broader public. Here you can find the list of the publications of Project GLOHUM participants: <br><br><br><br><strong>FIRST YEAR <\/strong><\/p>\n\n\n\n<p><strong>BOOKS:<\/strong><\/p>\n\n\n\n<ol type=\"1\"><li><strong>Danijel D\u017eino<\/strong>, <em>From Justinian to Branimir-The Making of the Middle Ages in Dalmatia<\/em>, Routledge 2020.<\/li><li><strong>Zrinka Stahuljak<\/strong>, <em>M\u00e9di\u00e9val contemporain. Pour une litt\u00e9rature connect\u00e9e<\/em>, \u00c9ditions Macula, 2020. <\/li><li><strong>Ivan Josipovi\u0107, Miljenko Jurkovi\u0107 (eds.), <\/strong><em>ASPICE HUNC OPUS MIRUM.<\/em> Zbornik povodom sedamdesetog ro\u0111endana Nikole Jak\u0161i\u0107a \/ Festschrift on the occasion of Nikola Jak\u0161i\u0107&#8217;s 70th birthday, Zadar \u2013 Zagreb \u2013 Motovun, 2020.<\/li><\/ol>\n\n\n\n<p><strong>PROCEEDINGS PAPERS, ARTICLES, BOOK CHAPTERS:<\/strong><\/p>\n\n\n\n<ol type=\"1\"><li><strong>&nbsp;<\/strong><strong>Xavier Barral i Altet<\/strong>, R\u00e9flexions sur la notion et l\u2019existence d\u2019un Art du Royaume de Majorque aux XIIIe et XIVe si\u00e8cles : r\u00e9alit\u00e9 m\u00e9di\u00e9vale ou construction politique du Xxe si\u00e8cle?, u: <em>ASPICE HUNC OPUS MIRUM &#8211; zbornik povodom sedamdesetog ro\u0111endana Nikole Jak\u0161i\u0107a \/ Festschrift on the occasion of Nikola Jak\u0161i\u0107&#8217;s 70th birthday<\/em>, (ur.) Ivan Josipovi\u0107, Miljenko Jurkovi\u0107, Zadar &#8211; Zagreb &#8211; Motovun: Sveu\u010dili\u0161te u Zadru, Me\u0111unarodni istra\u017eiva\u010dki centar za kasnu antiku i srednji vijek Sveu\u010dili\u0161ta u Zagrebu, 2020, 583- 596.<\/li><li><strong>Marijan &nbsp;Bradanovi\u0107<\/strong>, Vi\u017einada &#8211; va\u017ean fragment istarske urbanisti\u010dko \u2013 arhitektonske povijesti, u: <em>Vi\u017einada u vremenu, <\/em>Denis Visintin, Neda \u0160ain\u010di\u0107 Pilato (ur.).,Vi\u017einada: Zajednica Talijana Vi\u017einada, 2020.,138-159. \/ M. Bradanovi\u0107, Visinada &#8211; un frammento importante della storia urbanistica ed architettonica dell&#8217;Istria \/\/ <em>Visinada nel tempo <\/em>\/ Visintin, Denis ; \u0160ain\u010di\u0107 Pilato Neda (ed.). Visinada: Comunita degli Italiani di Visinada, 2020,138-162.<\/li><li><strong>Marijan Bradanovi\u0107<\/strong>, Tra Venezia e Zara &#8211; contributi del Quarnero alla scultura del Trecento per il professor Nikola Jak\u0161i\u0107, u: <em>ASPICE HUNC OPUS MIRUM Zbornik povodom sedamdesetog ro\u0111endana Nikole Jak\u0161i\u0107a Festschrift on the occasion of Nikola Jak\u0161i\u0107&#8217;s 70th birthday <\/em>, I. Josipovi\u0107, M. Jurkovi\u0107, Zadar, Zagreb: University of Zadar, University of Zagreb &#8211; International Research Center for Late Antiquity and the Middle Ages, 2020, 535-542.<\/li><li><strong>Neven Budak<\/strong>, Queen Helen and King Michael: The Beginning of a New Dynasty?, u: <em>ASPICE HUNC OPUS MIRUM &#8211; zbornik povodom sedamdesetog ro\u0111endana Nikole Jak\u0161i\u0107a \/ Festschrift on the occasion of Nikola Jak\u0161i\u0107&#8217;s 70th birthday<\/em>, I. Josipovi\u0107, M. Jurkovi\u0107 (ur.), Zadar &#8211; Zagreb &#8211; Motovun: Sveu\u010dili\u0161te u Zadru, Me\u0111unarodni istra\u017eiva\u010dki centar za kasnu antiku i srednji vijek Sveu\u010dili\u0161ta u Zagrebu, 2020, 263-276.<\/li><li><strong>Jean-Pierre Caillet<\/strong>, Les basiliques \u00e0 coupole de Dalmatie (Xe-XIe s.): leur juste place dans la diffusion d\u2019un type architectural de Byzance \u00e0 l\u2019Occident, u: <em>ASPICE HUNC OPUS MIRUM &#8211; zbornik povodom sedamdesetog ro\u0111endana Nikole Jak\u0161i\u0107a \/ Festschrift on the occasion of Nikola Jak\u0161i\u0107&#8217;s 70th birthday<\/em>, (ur.) I. Josipovi\u0107, M. Jurkovi\u0107, Zadar &#8211; Zagreb &#8211; Motovun: Sveu\u010dili\u0161te u Zadru, Me\u0111unarodni istra\u017eiva\u010dki centar za kasnu antiku i srednji vijek Sveu\u010dili\u0161ta u Zagrebu, 2020, 247-262.<\/li><li><strong>Pascale Chevalier<\/strong>, Les paroles de pierre &#8211; mots et monogrammes \u2013 de quelques chancels pal\u00e9ochr\u00e9tiens, u: <em>ASPICE HUNC OPUS MIRUM &#8211; zbornik povodom sedamdesetog ro\u0111endana Nikole Jak\u0161i\u0107a \/ Festschrift on the occasion of Nikola Jak\u0161i\u0107&#8217;s 70th birthday<\/em>,&nbsp; I. Josipovi\u0107, M. Jurkovi\u0107 (ur.), Zadar &#8211; Zagreb &#8211; Motovun: Sveu\u010dili\u0161te u Zadru, Me\u0111unarodni istra\u017eiva\u010dki centar za kasnu antiku i srednji vijek Sveu\u010dili\u0161ta u Zagrebu, 2020, 197-208.<\/li><li><strong>Danijel D\u017eino<\/strong>, The Secret Life of Salona in 7th and 8th Century, u: <em>ASPICE HUNC OPUS MIRUM &#8211; zbornik povodom sedamdesetog ro\u0111endana Nikole Jak\u0161i\u0107a \/ Festschrift on the occasion of Nikola Jak\u0161i\u0107&#8217;s 70th birthday<\/em>, I. Josipovi\u0107, M. Jurkovi\u0107 (ur.), Zadar &#8211; Zagreb &#8211; Motovun: Sveu\u010dili\u0161te u Zadru, Me\u0111unarodni istra\u017eiva\u010dki centar za kasnu antiku i srednji vijek Sveu\u010dili\u0161ta u Zagrebu, 2020, 163-170.<\/li><li><strong>Ivan Josipovi\u0107<\/strong> &#8211; Lucija Kraljevi\u0107, The Case of Zadar Proconsul Gregorius\u2019 Ciborium \u2013 Spolia as a Template for a New Monument, u: <em>ASPICE HUNC OPUS MIRUM \u2013 zbornik povodom sedamdesetog ro\u0111endana Nikole Jak\u0161i\u0107a \/ Festschrift on the occasion of Nikola Jak\u0161i\u0107&#8217;s 70th birthday<\/em>, I. Josipovi\u0107, M. Jurkovi\u0107 (ur,), Zadar &#8211; Zagreb &#8211; Motovun: Sveu\u010dili\u0161te u Zadru, Me\u0111unarodni istra\u017eiva\u010dki centar za kasnu antiku i srednji vijek Sveu\u010dili\u0161ta u Zagrebu, 2020, 277-292.<\/li><li><strong>Miljenko Jurkovi\u0107<\/strong>, Transformacije povijesnog pejza\u017ea Kvarnerskih otoka izme\u0111u antike i ranog srednjeg vijeka, u: M. Sanader, D. Ton\u010dini\u0107, I. Kai\u0107, V. Matijevi\u0107 (ur.), <em>Zbornik I skupa Hrvatske ranokr\u0161\u0107anske arheologije<\/em>, Zagreb 2020, 247-269.<\/li><li><strong>Miljenko Jurkovi\u0107<\/strong>, Ugarsko \u2013 hrvatske umjetni\u010dke veze u \u00ab dugom \u00bb srednjem vijeku, u: <em>Ars et Virtus. Hrvatska \u2013 Ma\u0111arska : 800 godina zajedni\u010dke kulturne ba\u0161tine, katalog izlo\u017ebe<\/em>, Zagreb 2020, 94-119. \/ Miljenko Jurkovi\u0107, Artistic Connections between Croatia and Hungary in the \u201clong\u201d Middle Ages, in: <em>Ars et Virtus. Croatia \u2013 Hungary : 800 Years of Shared Cultural Heritage, Catalogue of the exhibition<\/em> (ed. M. Bagari\u0107, D. Damjanovi\u0107, I. Sudec Andreis, P. Vugrinec), Zagreb 2020, 94-119.<\/li><li><strong>Miljenko Jurkovi\u0107<\/strong>, \u201cThe Art of the Court\u201d in the Long Middle Ages \u2013 a String of Renaissances, u: <em>ASPICE HUNC OPUS MIRUM \u2013 zbornik povodom sedamdesetog ro\u0111endana Nikole Jak\u0161i\u0107a \/ Festschrift on the occasion of Nikola Jak\u0161i\u0107&#8217;s 70th birthday<\/em>, I. Josipovi\u0107, M. Jurkovi\u0107 (ur,), Zadar &#8211; Zagreb &#8211; Motovun: Sveu\u010dili\u0161te u Zadru, Me\u0111unarodni istra\u017eiva\u010dki centar za kasnu antiku i srednji vijek Sveu\u010dili\u0161ta u Zagrebu, 2020, 51-58.<\/li><li><strong>Dino Milinovi\u0107<\/strong>, \u201ePolitically Controlled Images: Interpreting Late Roman Silver Picture Plates\u201c, u: <em>ASPICE HUNC OPUS MIRUM \u2013 zbornik povodom sedamdesetog ro\u0111endana Nikole Jak\u0161i\u0107a \/ Festschrift on the occasion of Nikola Jak\u0161i\u0107&#8217;s 70th birthday<\/em>, I. Josipovi\u0107, M. Jurkovi\u0107 (ur,), Zadar &#8211; Zagreb &#8211; Motovun: Sveu\u010dili\u0161te u Zadru, Me\u0111unarodni istra\u017eiva\u010dki centar za kasnu antiku i srednji vijek Sveu\u010dili\u0161ta u Zagrebu, 2020, 59-66.<\/li><\/ol>\n\n\n\n<p><strong>BOOK REVIEWS:<\/strong><\/p>\n\n\n\n<ol type=\"1\"><li><strong>Pascale Chevalier<\/strong>, Line VAN WERSCH, Laurent VERSLYPE, David STRIVAY, Frans\u00a0 THEUWS (\u00e9d.), <strong><em>Early Medieval Tesserae in Northwestern Europe<\/em><\/strong>, Bonn, Habelt- Verlag, 2019 (Merovingian Archaeology in the Low Countries, 6), 144 p., 102 fig. couleurs et cartes pleine page, 15 tableaux, reli\u00e9, ISBN: 978-3-7749-4203-5., Hortus Artium Medievalium 26, 2020, 381-382.<\/li><li><strong>Pascale Chevalier<\/strong>, Pierre GILLON, Christian SAPIN (dir.), <em>Cryptes m\u00e9di\u00e9vales et culte des saints en \u00cele-de-France et en Picardie<\/em>, Villeneuve d\u2019Ascq, Presses Universitaires du Septentrion, 2019, 528 p., 490 fig. couleur, broch\u00e9, ISBN: 978-2-7574-2852-8, Hortus Artium Medievalium 26, 2020, 387-388.<\/li><li><strong>Palmira Krle\u017ea<\/strong>, Bernard BAVANT, Vujadin IVANI\u0160EVI\u0106 (\u00e9ds.), <em>Cari\u010din Grad IV.<\/em> <em>Catalogue des objets des fouilles anciennes et autres \u00e9tudes<\/em>, Rome, Belgrade: \u00c9cole fran\u00e7aise de Rome \u2013 Institut arch\u00e9ologique de Belgrade, Collection de l\u2019\u00c9cole fran\u00e7aise de Rome 75\/4, 2019. 368 p. ISBN: 978-2-7283-1338-9, Hortus Artium Medievalium 26, 2020, 373-374.<br><br><\/li><\/ol>\n\n\n\n<p class=\"has-text-align-center\"><strong><u>SECOND YEAR<\/u><\/strong><br><\/p>\n\n\n\n<p><strong>BOOKS:<\/strong><\/p>\n\n\n\n<ol type=\"1\"><li><strong>Marijan Bradanovi\u0107, Miljenko Jurkovi\u0107<\/strong> (eds.), <em>MENS ACRIS IN CORPORE COMMODO.<\/em> Zbornik povodom sedamdesetog ro\u0111endana Ivana Matej\u010di\u0107a.Festschrift in Honour of the 70th Birthday of Ivan Matej\u010di\u0107, Zagreb, Motovun: International Research Center for Late Antiquity and the Middle Ages University of Zagreb, 2021.<\/li><li><strong>Zrinka Stahuljak<\/strong>, <em>Les Fixeurs au Moyen \u00c2ge. Histoire et litt\u00e9rature connect\u00e9es<\/em>, \u00c9ditions du Seuil, 2021.<\/li><\/ol>\n\n\n\n<p><strong>PROCEEDINGS PAPERS, ARTICLES, BOOK CHAPTERS<\/strong>:<\/p>\n\n\n\n<ol type=\"1\"><li><strong>Xavier Barral I Altet<\/strong>, Ravenne tardo-antique et m\u00e9di\u00e9vale comme nouvelle J\u00e9rusalem\u00a0: \u00e1 propos d\u2019une vue de la ville de 1664, u: <em>MENS ACRIS IN CORPORE COMMODO &#8211; zbornik povodom sedamdesetog ro\u0111endana Ivana Matej\u010di\u0107a \/ Festschrift in Honour of the 70th Birthday of Ivan Matej\u010di\u0107<\/em>, Marijan Bradanovi\u0107, Miljenko Jurkovi\u0107 , Zagreb &#8211; Motovun, 2021, 405-410.<\/li><li><strong>Marijan Bradanovi\u0107<\/strong>, Andanti e in moleca per Ivan Matej\u010di\u0107, : <em>MENS ACRIS IN CORPORE COMMODO &#8211; zbornik povodom sedamdesetog ro\u0111endana Ivana Matej\u010di\u0107a \/ Festschrift in Honour of the 70th Birthday of Ivan Matej\u010di\u0107<\/em>, Marijan Bradanovi\u0107, Miljenko Jurkovi\u0107 , Zagreb &#8211; Motovun, 2021., 299-312.<\/li><li><strong>Marijan Bradanovi\u0107<\/strong>, Katastar Franje I. u Istri i na Kvarneru: pogled iz kuta povjesni\u010dara umjetnosti i biv\u0161eg konzervatora, <em>Histria Colloquium<\/em> VII, I. Zupanc (ur.), Koper \u2013 Capodistria, 161-180.<\/li><li><strong>Marijan Bradanovi\u0107<\/strong>, Pravoslavna crkva sv. Nikole i arhitektura grada Rijeke u 18. stolje\u0107u, <em>Zbornik radova sa znanstvenog skupa s me\u0111unarodnim sudjelovanjem<\/em> <em>Pravoslavlje u Rijeci i na sjevernom Jadranu u ranom novom vijeku, Povodom 300. godi\u0161njice povlastice Karla VI. (III.) pravoslavnima u Rijeci (1717. \u2013 2017.),<\/em> D. Roksandi\u0107, K. Jovanovi\u0107 (ur.), Filozofski fakultet Sveu\u010dili\u0161ta u Rijeci Filozofski fakultet Sveu\u010dili\u0161ta u Zagrebu, Centar za komparativnohistorijske i interkulturne studije, Udruga hrvatsko-srpskog prijateljstva, Vije\u0107e srpske nacionalne manjine za Grad Rijeku, Rijeka \u2013 Zagreb, 2020, 187-208.<\/li><li><strong>Marijan Bradanovi\u0107<\/strong>, Zaznamki o mestu (in otoku) Koper v kontekstu zgodovinskih urbanih sredi\u0161\u010d vzhodne obale Jadrana \/ Considerazioni sulla citt\u00e0 (e sull\u2019isola) di Capodistria nel contesto dei centri storici urbani della costa adriatica orientale, <em>Koper urbana geneza \/ Capodistria genesi urbana. Ob 400-letnici \/ A 400 anni dalla<\/em>. Koper \/ Capodistria, 2020, 40-49.<\/li><li><strong>Marijan Bradanovi\u0107<\/strong>, Ivan Topolov\u010dan, \u017dupna crkva sv. Antuna Padovanskog u Fu\u017einama. Primjer arhitekture klasicizma u Gorskom Kotaru, <em>Problemi sjevernog Jadrana<\/em> 18 (2020), 133-158.<\/li><li><strong>Marijan Bradanovi\u0107<\/strong>, \u017divjeti povijest umjetnosti, raditi \u010duvaju\u0107i ba\u0161tinu \/ Living Art History \u2013 Working Preserving Heritage, u: <em>MENS ACRIS IN CORPORE COMMODO &#8211; zbornik povodom sedamdesetog ro\u0111endana Ivana Matej\u010di\u0107a \/ Festschrift in Honour of the 70th Birthday of Ivan Matej\u010di\u0107<\/em>, Marijan Bradanovi\u0107, Miljenko Jurkovi\u0107 , Zagreb &#8211; Motovun, 2021, 15-32<\/li><li><strong>Jean-Pierre Caillet<\/strong>, Sant\u2019Angelo in Formis: ritorno a due aspetti della \u2018questione bizantina\u2019, u: <em>Domus sapienter staurata Scritti di storia dell\u2019arte per Marina Righetti<\/em>, A-M. D\u2019Achille A. Iacobini, P. F. Pistill (eds.), SilvanaEditoriale, 2021, 506-514.<\/li><li><strong>Jean-Pierre Caillet<\/strong>, La tavola Bembo attribut\u00e9e \u00e0 Paolo Veneziano: contextualisation hagiographique et typologique, u: <em>MENS ACRIS IN CORPORE COMMODO &#8211; zbornik povodom sedamdesetog ro\u0111endana Ivana Matej\u010di\u0107a \/ Festschrift in Honour of the 70th Birthday of Ivan Matej\u010di\u0107<\/em>, Marijan Bradanovi\u0107, Miljenko Jurkovi\u0107 , Zagreb &#8211; Motovun, 2021, 267 \u2013 276.<\/li><li><strong>Jean-Pierre Caillet<\/strong>, Une source antique pour le Pilier des anges de la cath\u00e9drale de Strasbourg ?, <em>Bulletin de la Cath\u00e9drale de Strasbourg<\/em>, XXXIV (2020), 23-28.<\/li><li><strong>Danijel D\u017eino<\/strong>, Ryan W. Strickler, Introduction, u: <em>Dissidence and Persecution in Byzantium. From Constantine to Michael Psellos<\/em>, D. D\u017eino, R. W. Strickler (ur.), Brill: Leiden-Boston, 2021, 1-12.<\/li><li><strong>Danijel D\u017eino<\/strong>, The Mission of Abbot Martin in Dalmatia and Istria 641 or 642: A New Interpretation, u: <em>Dissidence and Persecution in Byzantium. From Constantine to Michael Psellos<\/em>, D. D\u017eino, R. W. Strickler (eds.), Brill: Leiden-Boston, 2021, 70-91.<\/li><li><strong>Danijel D\u017eino<\/strong>, Rethinking Periodization in Post Roman Southeastern Europe: The Case-Study of Dalmatia, <em>Arhaeologica Bulgarica<\/em> XXV (2021), 55-76<\/li><li><strong>Nikola Jak\u0161i\u0107<\/strong>, The Eleventh-Century Fa\u00e7ade Decoration of St. Mary\u2019s Abbey Church in Zadar* in: <em>ABBATISSA INGENUITATE PRECIPUA. The Proceedings of the Scientific Colloquium &#8220;The 950th anniversary of the\u00a0\u00a0 Benedictine Monastery of St. Mary in Zadar (1066-2016)&#8221;,<\/em> Zadar, 2020, 133-142.<\/li><li><strong>Nikola Jak\u0161i\u0107<\/strong>, Sant&#8217;Oronzo nei reliquiari medievali a Zara e Nona, u: <em>MENS ACRIS IN CORPORE COMMODO. Festschrift in Honour of the 70th Birthay of Ivan Matej\u010d\u0107<\/em>, Dissertationes et monographiae 17, Zagreb, 2021, 277 -289.<\/li><li><strong>Miljenko Jurkovi\u0107<\/strong>, Carolingian Istria \u2013 an Introduction to an Renaissance of the Late 8th Century, u: <em>MENS ACRIS IN CORPORE COMMODO &#8211; zbornik povodom sedamdesetog ro\u0111endana Ivana Matej\u010di\u0107a \/ Festschrift in Honour of the 70th Birthday of Ivan Matej\u010di\u0107<\/em>, Marijan Bradanovi\u0107, Miljenko Jurkovi\u0107 , Zagreb &#8211; Motovun, 2021, 149 \u2013 160.<\/li><li>Pavu\u0161a Ve\u017ei\u0107, <strong>Ivan Josipovi\u0107<\/strong>, Editor\u2019s Introduction, in: <em>ABBATISSA INGENUITATE PRECIPUA. The Proceedings of the Scientific Colloquium &#8220;The 950th anniversary of the\u00a0\u00a0 Benedictine Monastery of St. Mary in Zadar (1066-2016)&#8221;,<\/em> Zadar, 2020, 7-9.<\/li><li><strong>Ivan Josipovi\u0107<\/strong><em>, Et verbum caro factum est<\/em> \u2013 iconographic and iconological interpretation of the mosaics of Euphrasian Basilica in Pore\u010d in the context of a final confrontation with Arian heresy, u: <em>MENS ACRIS IN CORPORE COMMODO &#8211; zbornik povodom sedamdesetog ro\u0111endana Ivana Matej\u010di\u0107a \/ Festschrift in Honour of the 70th Birthday of Ivan Matej\u010di\u0107<\/em>, Marijan Bradanovi\u0107, Miljenko Jurkovi\u0107 , Zagreb &#8211; Motovun, 2021, 75-96<\/li><li><strong>Ivor Kranjec<\/strong>, Digitalne tehnologije u istra\u017eivanju materijalne kulturne ba\u0161tine. Primjer recentnih istra\u017eivanja na otoku Rabu, in: P. Markovi\u0107 (ed.), Materijalnost umjetni\u010dkog djela. Zbornik radova znanstvenog skupa \u201cDani Cvita Fiskovi\u0107a\u201d odr\u017eanog 2018. godine, FF press, Zagreb, 2021, 181-191.<\/li><li><strong>Vinni Lucherini<\/strong>, Due lettere inedite per l\u2019edizione muratoriana (1725) della Cronaca altomedievale dei vescovi di Napoli u: u: <em>MENS ACRIS IN CORPORE COMMODO &#8211; zbornik povodom sedamdesetog ro\u0111endana Ivana Matej\u010di\u0107a \/ Festschrift in Honour of the 70th Birthday of Ivan Matej\u010di\u0107<\/em>, Marijan Bradanovi\u0107, Miljenko Jurkovi\u0107 , Zagreb &#8211; Motovun, 2021, 417-422.<\/li><li><strong>Predrag Markovi\u0107<\/strong>, The Relief of St. John the Evangelist from Marjan (Split) \u2013 At Least \u201cthe First Consideration\u201d, u: <em>MENS ACRIS IN CORPORE COMMODO &#8211; zbornik povodom sedamdesetog ro\u0111endana Ivana Matej\u010di\u0107a \/ Festschrift in Honour of the 70th Birthday of Ivan Matej\u010di\u0107<\/em>, Marijan Bradanovi\u0107, Miljenko Jurkovi\u0107 , Zagreb &#8211; Motovun, 2021, 375-390.<\/li><li><strong>Zrinka Stahuljak<\/strong>,&#8221;Transgender Translation, Humanism, and Periodization: Vasco da Lucena&#8217;s Manuscripts of\u00a0<em>The Deeds of Alexander the Great<\/em>,&#8221; u: <em>Trans Historical: Gender Plurality Before the Modern<\/em>, G. LaFleur, M. Raskolnikov, A. M. Klosowska (ur.), Cornell University Press, 2021. 207-231\u00a0<\/li><li><strong>Zrinka Stahuljak<\/strong>, &#8220;M\u00e9di\u00e9valisme,&#8221; u\u00a0:\u00a0<em>Nouvelle histoire du Moyen \u00c2ge<\/em>, Florian Mazel (ed.), \u00c9ditions du Seuil, 2021,\u00a0803-809.<\/li><li><strong>Zrinka Stahuljak<\/strong>, &#8220;D&#8217;Alexandre et de quelques Amazones: portraits textuels et visuels,&#8221; u\u00a0:\u00a0<em>La femme sauvage dans les arts et les lettres<\/em>,\u00a0Christine Ferlampin Acher, Bruno Boerner (eds), Presses universitaires de Rennes, 2021, 85-99.<\/li><li><strong>Zrinka Stahuljak<\/strong>,\u00a0&#8220;Connected Literature:\u00a0<em>Chansons de geste<\/em>, Burgundian\u00a0<em>livres de gestes<\/em>, and the Writing of Literary Theory,&#8221; u:\u00a0<em>The Futures of Medieval French<\/em>, J. Gilbert, M. Griffin\u00a0 (ur.), D. S. Brewer, 2021, 99-111.<\/li><li>\u00a0<strong>Zrinka Stahuljak<\/strong>, Response essay to H-France Forum on &#8220;Z. Stahuljak,\u00a0<em>M\u00e9di\u00e9val contemporain: Pour une litt\u00e9rature connect\u00e9e<\/em>\u00a0(Macula 2020),&#8221; Rujan 2021,\u00a0<a rel=\"noreferrer noopener\" href=\"https:\/\/h-france.net\/h-france-forum-volume-16-2021\/\" target=\"_blank\">https:\/\/h-france.net\/h-france-forum-volume-16-2021\/<\/a><\/li><\/ol>\n","protected":false},"excerpt":{"rendered":"<p>One of the key activities of the Project GLOHUM is the dissemination of the knowledge, both among the scholars and [&hellip;]<\/p>\n","protected":false},"author":1,"featured_media":116,"parent":0,"menu_order":6,"comment_status":"closed","ping_status":"closed","template":"","meta":[],"_links":{"self":[{"href":"https:\/\/glohum.ffzg.unizg.hr\/index.php\/wp-json\/wp\/v2\/pages\/66"}],"collection":[{"href":"https:\/\/glohum.ffzg.unizg.hr\/index.php\/wp-json\/wp\/v2\/pages"}],"about":[{"href":"https:\/\/glohum.ffzg.unizg.hr\/index.php\/wp-json\/wp\/v2\/types\/page"}],"author":[{"embeddable":true,"href":"https:\/\/glohum.ffzg.unizg.hr\/index.php\/wp-json\/wp\/v2\/users\/1"}],"replies":[{"embeddable":true,"href":"https:\/\/glohum.ffzg.unizg.hr\/index.php\/wp-json\/wp\/v2\/comments?post=66"}],"version-history":[{"count":3,"href":"https:\/\/glohum.ffzg.unizg.hr\/index.php\/wp-json\/wp\/v2\/pages\/66\/revisions"}],"predecessor-version":[{"id":326,"href":"https:\/\/glohum.ffzg.unizg.hr\/index.php\/wp-json\/wp\/v2\/pages\/66\/revisions\/326"}],"wp:featuredmedia":[{"embeddable":true,"href":"https:\/\/glohum.ffzg.unizg.hr\/index.php\/wp-json\/wp\/v2\/media\/116"}],"wp:attachment":[{"href":"https:\/\/glohum.ffzg.unizg.hr\/index.php\/wp-json\/wp\/v2\/media?parent=66"}],"curies":[{"name":"wp","href":"https:\/\/api.w.org\/{rel}","templated":true}]}}